{"id":41,"date":"2022-08-28T23:37:12","date_gmt":"2022-08-28T21:37:12","guid":{"rendered":"https:\/\/www.ruedigerkinting.de\/ybor\/?page_id=41"},"modified":"2025-01-14T22:59:14","modified_gmt":"2025-01-14T21:59:14","slug":"start","status":"publish","type":"page","link":"https:\/\/www.ruedigerkinting.de\/ybor\/","title":{"rendered":"Kinderbuch &#8211; Mein Freund Ybor"},"content":{"rendered":"<p><div id=\"shortcode-2782ae7560b4063e28784f71f28e23a1\" class=\"fw-col-xs-12 fw-col-sm-12 fw-col-md-12 text-center \" >\r\n\t\r\n\r\n<div class=\"TextBlock  \" id=\"shortcode-d61b7207e3daf091c553e03563750093\" >\r\n\t<h1>Mein Freund Ybor<\/h1><h5>Ein robotastisches Geschenk<\/h5><\/div><\/div>\r\n\n\t<div class=\"fw-divider-space\" style=\"padding-top: 50px;\"><\/div>\n<div id=\"shortcode-7c9ab83f0f28f17c74ea0280e6f4b6ba\" class=\"fw-col-xs-12 fw-col-sm-12 fw-col-md-6 text-left \" >\r\n\t\r\n<div class=\"BookImage  \" id=\"shortcode-86be443061b70fb6b9ed8326f4b6d2f4\"  >\r\n\t<div class=\"\" ><img decoding=\"async\" src=\"\/\/www.ruedigerkinting.de\/ybor\/wp-content\/uploads\/sites\/5\/2025\/01\/MFY_Vorderseite_freigestellt_Kombi.png\" alt=\"Mein Freund Ybor Kinderbuch\" \/><\/div><\/div><!-- end BookImage -->\r\n<\/div>\r\n<div id=\"shortcode-900cdf4bb0797475e751d328284b3daa\" class=\"fw-col-xs-12 fw-col-sm-12 fw-col-md-6 text-left \" >\r\n\t\r\n\r\n<blockquote id=\"shortcode-77c5a233791c491238698be024fd35c2\" class=\" \" >\r\n\t<i class=\"blockquote-icon\"><\/i>\r\n\t<i class=\"blockquote-icon\"><\/i>\r\n\t<div class=\"blockquote-content font-subheading\">\r\n\t\t<p>\u00bbWas Kinder aus ihrer Zukunft machen, geht uns alle an.\nDenn es liegt in unseren H\u00e4nden,\nwie zuk\u00fcnftige Generationen die Welt gestalten.\u00ab<\/p>\r\n\t<\/div>\r\n\t\t<footer><cite>Dr. Verena Gluhn Sprecherin der Stiftung und Vorsitzende der Wettbewerbsjury in 'Mein Freund Ybor'<\/cite><\/footer>\r\n\t<\/blockquote>\r\n\r\n<div class=\"TextBlock  \" id=\"shortcode-6831ebed075658e352c32bc39b4c9656\" >\r\n\t<p>\u00bbMein Freund Ybor\u00ab ist\u00a0<strong>eine spannende Geschichte f\u00fcr Lesende ab ca. 9 Jahre<\/strong>\u00a0jenseits der Themen Fu\u00dfball, Ritter, Drachen oder Superhelden. Es ist eine Geschichte \u00fcber Freundschaften, Familie und Mut,<em>\u00a0<\/em>und \u00fcber die eigene Entwicklung, die Felix mithilfe seines Roboter-Freundes durchl\u00e4uft, um nicht mehr st\u00e4ndig von seinem Mitsch\u00fcler Angus bedroht zu werden.<\/p><p>Dabei hatte sich Felix doch nur einen programmierbaren Roboter f\u00fcr den Schulwettbewerb die \u00bbRobotiade\u00ab gew\u00fcnscht\u2026<br \/>Aber dann kommt alles anders. Und als Ybor am Tag vor dem Finale verschwindet, muss Felix \u00fcber sich hinauswachsen um zu zeigen, wie viel tats\u00e4chlich in ihm steckt.<\/p><\/div>\r\n\r\n<div class=\"TextBlock  \" id=\"shortcode-b13cd7539829eb83a49fe66a3de0187d\" >\r\n\t<p>Das Buch ist in der\u00a0<strong>Hardcover-Ausgabe<\/strong>\u00a0(ISBN 978-3000750618) im\u00a0<strong>Buchhandel\u00a0<\/strong>und online erh\u00e4ltlich. Die\u00a0<strong>E-Book-Version<\/strong>\u00a0gibt es in allen g\u00e4ngigen Online-Shops und Plattformen f\u00fcr E-Books. Die\u00a0<strong>Taschenbuchausgabe\u00a0<\/strong>ist nur auf Buchmessen und bei Lesungen erh\u00e4ltlich.<\/p><p>Erh\u00e4ltlich z.B. bei:<strong>\u00a0<a href=\"https:\/\/unabhaengigkreativ.de\/produkt\/mein-freund-ybor-ein-robotastisches-geschenk\/\" target=\"_blank\" rel=\"noreferrer noopener\">UK \u2013 die fakriro-Buchhandlung<\/a>\u00a0|\u00a0<a href=\"https:\/\/www.amazon.de\/Mein-Freund-Ybor-robotastisches-Geschenk\/dp\/3000750614\/\" target=\"_blank\" rel=\"noreferrer noopener\">Amazon.de<\/a>\u00a0|\u00a0<a href=\"https:\/\/www.moluna.de\/buch\/895838616-mein+freund+ybor\/\" target=\"_blank\" rel=\"noreferrer noopener\">Moluna.de<\/a>\u00a0|\u00a0<a href=\"https:\/\/shop.mehralsbuecher.de\/shop\/item\/9783000750618\/mein-freund-ybor-von-rudiger-d-c-kinting-gebundenes-buch\" target=\"_blank\" rel=\"noreferrer noopener\">Buchhandlung Wortwerke<\/a>\u00a0|\u00a0<a href=\"https:\/\/www.bessunger-buchladen.de\/shop\/item\/9783000750618\/mein-freund-ybor-von-kinting-rudiger-d-c-gebundenes-buch\" target=\"_blank\" rel=\"noreferrer noopener\">Bessunger Buchladen<\/a>\u00a0\u2026 |\u00a0<a href=\"https:\/\/www.thalia.de\/shop\/home\/suggestartikel\/A1068949109\" target=\"_blank\" rel=\"noreferrer noopener\">E-Book bei Thalia<\/a>\u00a0|\u00a0<a href=\"https:\/\/www.amazon.de\/Mein-Freund-Ybor-robotastisches-Roboter-Geschichte-ebook\/dp\/B0C7P3QK4M\" target=\"_blank\" rel=\"noreferrer noopener\">E-Book bei amazon<\/a><\/strong>\u00a0| \u2026<\/p><\/div><\/div>\r\n\n\t<div class=\"fw-divider-space\" style=\"padding-top: 50px;\"><\/div>\n<div id=\"shortcode-72f7514331afeea51b53351143d85c24\" class=\"fw-col-xs-12 fw-col-sm-12 fw-col-md-12 text-left \" >\r\n\t\r\n\r\n<div class=\"TextBlock  \" id=\"shortcode-3766d4bc7ee22efa1770c1296e1b8795\" >\r\n\t<h3>Feedback<\/h3><\/div><\/div>\r\n<div id=\"shortcode-3ec7cfeca3251aefd0d783e205259726\" class=\"fw-col-xs-12 fw-col-sm-6 fw-col-md-3 text-center \" >\r\n\t\r\n\r\n<blockquote id=\"shortcode-cc2aa399263a941ea960e8772f72f4b6\" class=\" \" >\r\n\t<i class=\"blockquote-icon\"><\/i>\r\n\t<i class=\"blockquote-icon\"><\/i>\r\n\t<div class=\"blockquote-content font-subheading\">\r\n\t\t<p>\u00bbSuper Buch. Mein Sohn (9) liest es mit Begeisterung.\u00ab<\/p>\r\n\t<\/div>\r\n\t\t<footer><cite>5-Sterne-Bewertung von Frank auf amazon<\/cite><\/footer>\r\n\t<\/blockquote><\/div>\r\n<div id=\"shortcode-2ffdaca1b068cf4cc4e0a974263bf749\" class=\"fw-col-xs-12 fw-col-sm-6 fw-col-md-3 text-left \" >\r\n\t\r\n\r\n<blockquote id=\"shortcode-962d32bf573694bb812a7858e446e3f8\" class=\" \" >\r\n\t<i class=\"blockquote-icon\"><\/i>\r\n\t<i class=\"blockquote-icon\"><\/i>\r\n\t<div class=\"blockquote-content font-subheading\">\r\n\t\t<p>\u00bbEin Kinderbuch mit sch\u00f6nen Wertvorstellungen \u00fcber Freundschaft und Mut. Mir hat es sehr gut gefallen und ich empfehle es sehr gerne weiter.\u00ab<\/p>\r\n\t<\/div>\r\n\t\t<footer><cite>Aus der Rezension von: Renas B\u00fccherleidenschaft, 5-Sterne-Bewertung<\/cite><\/footer>\r\n\t<\/blockquote><\/div>\r\n<div id=\"shortcode-31204c4ebdbf93526b923c69a185759a\" class=\"fw-col-xs-12 fw-col-sm-6 fw-col-md-3 text-left \" >\r\n\t\r\n\r\n<blockquote id=\"shortcode-36a35231d4d0bca4be6ba4345428b517\" class=\" \" >\r\n\t<i class=\"blockquote-icon\"><\/i>\r\n\t<i class=\"blockquote-icon\"><\/i>\r\n\t<div class=\"blockquote-content font-subheading\">\r\n\t\t<p>\u00bbInsgesamt ist \u201eMein Freund Ybor\u201c ein sehr gelungenes und empfehlenswertes Jugendbuch, nicht nur f\u00fcr Jungs wie Felix, denn es gibt in der Geschichte ja auch Ella, und die fu\u00dfballbegeisterte Loui \u2026 Hier werden Achtsamkeit, vorsichtiges Selbstbewusstsein und Spannung sehr geschickt und sprachlich f\u00fcr das Lesealter passend miteinander verbunden.\u00ab<\/p>\r\n\t<\/div>\r\n\t\t<footer><cite>5-Sterne-Bewertung von Anna auf amazon<\/cite><\/footer>\r\n\t<\/blockquote><\/div>\r\n<div id=\"shortcode-5dd38bdeda9df42c3577463ba9581b86\" class=\"fw-col-xs-12 fw-col-sm-6 fw-col-md-3 text-left \" >\r\n\t\r\n\r\n<blockquote id=\"shortcode-49bad23d84fb7420ecda1403f16df911\" class=\" \" >\r\n\t<i class=\"blockquote-icon\"><\/i>\r\n\t<i class=\"blockquote-icon\"><\/i>\r\n\t<div class=\"blockquote-content font-subheading\">\r\n\t\t<p>\u00bbUnser Sohn (11) und ich haben es beide gelesen und die Geschichte hat uns vom ersten Kapitel an gefallen. [...]\nIch kann das Buch wirklich empfehlen. Entweder zum Vorlesen (ab 6 Jahren) oder auch zum Selberlesen (ca. ab 9).\u00ab<\/p>\r\n\t<\/div>\r\n\t\t<footer><cite>5-Sterne-Bewertung von Sausia93 auf amazon<\/cite><\/footer>\r\n\t<\/blockquote><\/div>\r\n\n\t<div class=\"fw-divider-space\" style=\"padding-top: 50px;\"><\/div>\n<div id=\"shortcode-2fba0d91be4f6f85a236eba92be670ee\" class=\"fw-col-xs-12 fw-col-sm-12 fw-col-md-12 text-left \" >\r\n\t\r\n\r\n<div class=\"TextBlock  \" id=\"shortcode-10f5ecf2b2a15e5c7695ee59c09be76c\" >\r\n\t<h3 class=\"wp-block-heading\">Instagram &amp; Co.<\/h3><\/div>\r\n\r\n<div class=\"TextBlock  \" id=\"shortcode-a0e6dca4d0f3a02bd14ab45f4e9663bd\" >\r\n\t<p><strong>Folgt\u00a0<\/strong>mir auch auf\u00a0<a href=\"https:\/\/www.instagram.com\/ruediger.dc.kinting\/\" target=\"_blank\" rel=\"noopener\" data-type=\"URL\" data-id=\"https:\/\/www.instagram.com\/ruediger.dc.kinting\/\"><strong>auf Instagram<\/strong><\/a>\u00a0oder\u00a0<strong><a href=\"https:\/\/www.facebook.com\/ruediger.kinting\" target=\"_blank\" rel=\"noopener\">facebook<\/a><\/strong>\u00a0und gebt mir dort ein \u2018Like\u2019. Ich pr\u00e4sentiere dort immer wieder neueste Infos und k\u00fcndige Aktionen an\u2026<\/p><\/div><\/div>\r\n<\/p>\n","protected":false},"excerpt":{"rendered":"<p>Mein Freund YborEin robotastisches Geschenk \u00bbWas Kinder aus ihrer Zukunft machen, geht uns alle an. Denn es liegt in unseren H\u00e4nden, wie zuk\u00fcnftige Generationen die Welt gestalten.\u00ab Dr. Verena Gluhn Sprecherin der Stiftung und Vorsitzende der Wettbewerbsjury in &#8216;Mein Freund Ybor&#8217; \u00bbMein Freund Ybor\u00ab ist\u00a0eine spannende Geschichte f\u00fcr Lesende ab ca. 9 Jahre\u00a0jenseits der Themen&#8230;<\/p>\n","protected":false},"author":1,"featured_media":0,"parent":0,"menu_order":0,"comment_status":"closed","ping_status":"closed","template":"","meta":{"footnotes":""},"class_list":["post-41","page","type-page","status-publish","hentry"],"acf":[],"_links":{"self":[{"href":"https:\/\/www.ruedigerkinting.de\/ybor\/wp-json\/wp\/v2\/pages\/41","targetHints":{"allow":["GET"]}}],"collection":[{"href":"https:\/\/www.ruedigerkinting.de\/ybor\/wp-json\/wp\/v2\/pages"}],"about":[{"href":"https:\/\/www.ruedigerkinting.de\/ybor\/wp-json\/wp\/v2\/types\/page"}],"author":[{"embeddable":true,"href":"https:\/\/www.ruedigerkinting.de\/ybor\/wp-json\/wp\/v2\/users\/1"}],"replies":[{"embeddable":true,"href":"https:\/\/www.ruedigerkinting.de\/ybor\/wp-json\/wp\/v2\/comments?post=41"}],"version-history":[{"count":134,"href":"https:\/\/www.ruedigerkinting.de\/ybor\/wp-json\/wp\/v2\/pages\/41\/revisions"}],"predecessor-version":[{"id":481,"href":"https:\/\/www.ruedigerkinting.de\/ybor\/wp-json\/wp\/v2\/pages\/41\/revisions\/481"}],"wp:attachment":[{"href":"https:\/\/www.ruedigerkinting.de\/ybor\/wp-json\/wp\/v2\/media?parent=41"}],"curies":[{"name":"wp","href":"https:\/\/api.w.org\/{rel}","templated":true}]}}