{"id":204,"date":"2023-06-10T16:35:07","date_gmt":"2023-06-10T14:35:07","guid":{"rendered":"https:\/\/www.ruedigerkinting.de\/ybor\/?page_id=204"},"modified":"2024-01-22T21:53:19","modified_gmt":"2024-01-22T20:53:19","slug":"die-story","status":"publish","type":"page","link":"https:\/\/www.ruedigerkinting.de\/ybor\/die-story\/","title":{"rendered":"Story &#038; Helden"},"content":{"rendered":"\n<blockquote class=\"wp-block-quote has-text-align-center has-medium-font-size is-layout-flow wp-block-quote-is-layout-flow\">\n<p><em>Eine Geschichte \u00fcber Freundschaften, Familie, Mut und den Weg, <\/em><br><em>im richtigen Moment f\u00fcr sich einzustehen.<\/em><\/p>\n<\/blockquote>\n\n\n\n<p>Der 11-j\u00e4hrige Felix bekommt von seinem Vater einen Roboter geschenkt. Mit \u00bbYbor\u00ab, wie Felix und sein bester Freund Mattis den Roboter taufen, will Felix seine Klasse bei der anstehenden \u00bbRobotiade\u00ab unterst\u00fctzen, einem Roboter-Wettbewerb an Schulen. Angus, sein gr\u00f6\u00dfter Widersacher, sieht das \u00fcberhaupt nicht gern \u2013 normalerweise gibt er den Ton in der Klasse an und schreckt auch vor Schikane und Gewalt nicht zur\u00fcck.<\/p>\n\n\n\n<p>Da entpuppt sich Ybor als echter Roboter vom Planeten Origan. Er mag die Menschen und unseren Planeten und h\u00e4lt sich seit 42 Jahren auf der Erde versteckt, da er als Beta-Modell zuhause verschrottet werden sollte. <\/p>\n\n\n\n<p>Angus erpresst Felix, seine Teilnahme abzusagen, doch Ybor hilft Felix, an sich selbst zu glauben und mutig zu sein. Und so stellt sich Felix Angus entgegen und h\u00e4lt daran fest, mit seinem neuen Roboter am Wettbewerb teilzunehmen.<\/p>\n\n\n\n<p>Als Ybor am Tag vor dem gro\u00dfen Wettbewerb verschwindet, ist Felix verzweifelt. Ist Ybor weggelaufen? Wurde er entf\u00fchrt? Hat Angus etwas damit zu tun?<\/p>\n\n\n\n<p>\u00dcberraschend tritt eine andere Klasse mit Ybor zum Wettbewerb an. Und nun muss Felix \u00fcber sich hinauswachsen und allen beweisen, wie mutig er ist, und dass Ybor in Wahrheit zu ihm geh\u00f6rt. <\/p>\n\n\n\n<p>Und dabei findet er auch noch den Grund heraus, warum ihn Angus immer so behandelt.<\/p>\n\n\n\n<p><br><\/p>\n\n\n\n<h1 class=\"wp-block-heading\">Die Helden<\/h1>\n\n\n\n<p>Die wichtigsten Charaktere in \u00bbMein Freund Ybor\u00ab sind:<\/p>\n\n\n\n<h3 class=\"wp-block-heading\">Felix<\/h3>\n\n\n\n<p>Der 11-j\u00e4hrige <em>Felix Renner<\/em> ist Held und Erz\u00e4hler meiner Geschichte. Ein durchschnittlicher Typ mit braunem Haar und Augen, der Filme, Technik und Science-fiction mag. Er geht in die 5. Klasse am Isaac-Newton-Schulzentrum (INSZ), ist in der Robotik-AG seiner Schule, kann toll zeichnen und prima technische Sachen reparieren. Sport ist nicht so sein Ding. Das ist eher was f\u00fcr seine Halbschwester Loui, die total fu\u00dfballbegeistert ist und zus\u00e4tzlich Kampfsport macht. <em>Felix <\/em>ist nicht besonders mutig. Zumindest nicht so, wie die Helden aus den ganzen Filmen und B\u00fcchern, die er kennt. Sonst k\u00f6nnte er sich gegen Angus wehren, den angeberischen Jungen aus seiner Klasse, der am liebsten alles bestimmen w\u00fcrde, und <em>Felix <\/em>schon seit der Grundschule fies und gemein behandelt.<\/p>\n\n\n\n<p>Als <em>Felix <\/em>von seinem Papa einen alt wirkenden Roboter geschenkt bekommt, hofft er sehr, dass er den f\u00fcr die anstehenden \u00bbRobotiade\u00ab verwenden kann. Das ist ein Robotik-Wettbewerb f\u00fcr Klassenteams, dessen landesweites Finale im aktuellen Jahr an ihrem Schulzentrum ausgetragen wird. Dann k\u00f6nnte mal er etwas Tolles f\u00fcr die Klasse mitbringen. Und sie m\u00fcssten nicht den Super-Roboter von Angus nehmen.<\/p>\n\n\n\n<p>Au\u00dferdem, wenn er gewinnt, w\u00e4re sein Papa vielleicht auch endlich einmal stolz auf ihn \u2013 und nicht immer nur auf Loui mit ihrem tollen Fu\u00dfballspiel.<\/p>\n\n\n\n<h3 class=\"wp-block-heading\">Ybor (SH 86\/18 beta)<\/h3>\n\n\n\n<p><em>Ybor <\/em>\u2013 so taufen Felix und sein Freund Mattis den neuen Roboter von Felix. \u00bbYbor von \u2018Roby\u2019, nur r\u00fcckw\u00e4rts\u00ab, erkl\u00e4rt Felix seine Idee, als sie zusammen einen passenden Namen f\u00fcr den kleinen Kerl suchen. <em>Ybor <\/em>ist jedoch kein einfacher Spielzeugroboter, sondern ein echter Roboter vom Planeten Origan. Doch das wei\u00df Felix zun\u00e4chst nicht, als er den Roboter von seinem Papa bekommt.<\/p>\n\n\n\n<p>Der kleine Roboter mit der Kennung \u00bbSH 86\/18 beta\u00ab ist von seinem Heimatplaneten Origan geflohen, da er dort als Beta-Modell verschrottet werden sollte. Er lebt seit 42 Jahren auf der Erde und war schon in verschiedenen L\u00e4ndern bei Kindern um ihnen zu helfen, bis diese ihn nicht mehr brauchten. Er mag unseren Planeten und die Menschen. Deshalb wei\u00df der Roboter auch erstaunlich gut, wie wir als Menschen \u2018ticken\u2019. Er hilft Felix dabei, mutiger zu werden und sich selbst mehr zuzutrauen. Vor allem, um sich gegen den gemeinen Angus aus seiner Klasse zu wehren. Am Ende liegt es jedoch allein an Felix, ob er es tats\u00e4chlich schafft, f\u00fcr sich und vor allem f\u00fcr seinen neuen Freund einzustehen, als dieser am Tag vor dem Wettbewerb aus dem Garten verschwindet.<\/p>\n\n\n\n<h3 class=\"wp-block-heading\">Mattis<\/h3>\n\n\n\n<p><em>Mattis Schmidt<\/em> ist der beste Freund von Felix. Die zwei kennen sich seit dem Kindergarten und verbringen auch au\u00dferhalb der Schule viel Zeit miteinander \u2013 entweder bei <em>Mattis <\/em>oder bei Felix. Das finden die Eltern praktisch und die Jungs ganz toll. <em>Mattis <\/em>ist ein St\u00fcck gr\u00f6\u00dfer als Felix und mit seiner dunklen \u2018Vorhangfrisur\u2019, den gr\u00fcnblauen Augen, seinen Klamotten und der Tatsache, dass er Gitarre spielen kann, der deutlich coolere von beiden. Das findet auch Felix. Zumal sich <em>Mattis <\/em>nicht alles einfach so gefallen l\u00e4sst und Angus eher mal die Stirn bietet. Allerdings ist er ziemlich ungeduldig, was sogar Felix manchmal nervt.<\/p>\n\n\n\n<h3 class=\"wp-block-heading\">Loui<\/h3>\n\n\n\n<p><em>Loui<\/em>, eigentlich <em>Louisa<\/em>, ist die drei Jahre \u00e4ltere Halbschwester von Felix. Mit ihr hat es Felix nicht leicht. Sie ist super sportlich und h\u00e4lt Felix f\u00fcr einen Schwachmaten, der nicht mal einen Ball geradeaus kicken oder ordentlich rennen kann. Ihr Papa ist kurz vor ihrer Geburt gestorben. Sie hat ihn also nie kennengelernt. Aber Felix\u2018 Papa bevorzugt seine Stieftochter \u2013 zumindest empfindet es Felix so. Denn er meint, dass sich sein Papa immer viel mehr M\u00fche mit ganz tollen Geschenken f\u00fcr Loui gibt, w\u00e4hrend er nur einfache Dinge bekommt.<\/p>\n\n\n\n<h3 class=\"wp-block-heading\">Angus<\/h3>\n\n\n\n<p><em>Angus Merchand <\/em>ist der Gegenspieler von Felix und der Bestimmer in der Klasse. So sieht und benimmt er sich. Sein Vater ist Gr\u00fcnder und Inhaber des erfolgreichsten Technikkonzerns in der Metropolregion und erf\u00fcllt ihm und seinem gro\u00dfen Bruder Jovinus mehr oder weniger alle W\u00fcnsche. So kann <em>Angus <\/em>immer die neusten Techniksachen mitbringen und gibt gerne damit in der Klasse an. Nat\u00fcrlich hat <em>Angus <\/em>auch den neuesten Roboter, mit dem seine Klasse bei der \u00bbRobotiade\u00ab teilnehmen soll. Als er mitbekommt, dass Felix ebenfalls einen Roboter hat, droht er ihm damit, ihn bei Ella schlecht zu machen. Denn er hat mitbekommen, dass Felix heimlich f\u00fcr Ella schw\u00e4rmt. Er will das ausnutzen, um blo\u00df keine Konkurrenz zu haben und auf jeden Fall mit seinem Roboter f\u00fcr die Klasse zu gewinnen. Doch am Ende der Geschichte verr\u00e4t er sich und gesteht Felix, warum er eigentlich immer so gemein zu ihm ist.<\/p>\n\n\n\n<h3 class=\"wp-block-heading\">Ella<\/h3>\n\n\n\n<p><em>Ella de Goed<\/em> ist ein fr\u00f6hliches, blondes M\u00e4dchen und der heimliche Schwarm von Felix. Aber er traut sich nicht, sie direkt anzusprechen oder mal zu einem Eis einzuladen. Ihre Eltern engagieren sich im Vereinssport, so dass Felix ihr unerwartet am Sportplatz begegnet, als er mit ziemlich mieser Laune bei einem Turnierspiel von Loui mitkommen muss.<\/p>\n\n\n\n<p>.<\/p>\n\n\n\n<p><\/p>\n","protected":false},"excerpt":{"rendered":"<p>Eine Geschichte \u00fcber Freundschaften, Familie, Mut und den Weg, im richtigen Moment f\u00fcr sich einzustehen. Der 11-j\u00e4hrige Felix bekommt von seinem Vater einen Roboter geschenkt. Mit \u00bbYbor\u00ab, wie Felix und sein bester Freund Mattis den Roboter taufen, will Felix seine Klasse bei der anstehenden \u00bbRobotiade\u00ab unterst\u00fctzen, einem Roboter-Wettbewerb an Schulen. Angus, sein gr\u00f6\u00dfter Widersacher, sieht&#8230;<\/p>\n","protected":false},"author":1,"featured_media":0,"parent":0,"menu_order":0,"comment_status":"closed","ping_status":"closed","template":"","meta":{"footnotes":""},"class_list":["post-204","page","type-page","status-publish","hentry"],"acf":[],"_links":{"self":[{"href":"https:\/\/www.ruedigerkinting.de\/ybor\/wp-json\/wp\/v2\/pages\/204","targetHints":{"allow":["GET"]}}],"collection":[{"href":"https:\/\/www.ruedigerkinting.de\/ybor\/wp-json\/wp\/v2\/pages"}],"about":[{"href":"https:\/\/www.ruedigerkinting.de\/ybor\/wp-json\/wp\/v2\/types\/page"}],"author":[{"embeddable":true,"href":"https:\/\/www.ruedigerkinting.de\/ybor\/wp-json\/wp\/v2\/users\/1"}],"replies":[{"embeddable":true,"href":"https:\/\/www.ruedigerkinting.de\/ybor\/wp-json\/wp\/v2\/comments?post=204"}],"version-history":[{"count":15,"href":"https:\/\/www.ruedigerkinting.de\/ybor\/wp-json\/wp\/v2\/pages\/204\/revisions"}],"predecessor-version":[{"id":420,"href":"https:\/\/www.ruedigerkinting.de\/ybor\/wp-json\/wp\/v2\/pages\/204\/revisions\/420"}],"wp:attachment":[{"href":"https:\/\/www.ruedigerkinting.de\/ybor\/wp-json\/wp\/v2\/media?parent=204"}],"curies":[{"name":"wp","href":"https:\/\/api.w.org\/{rel}","templated":true}]}}