{"id":4,"date":"2016-08-22T23:21:32","date_gmt":"2016-08-22T21:21:32","guid":{"rendered":"https:\/\/www.ruedigerkinting.de\/maerchen-vom-kleinen-weihnachtsbaum\/?page_id=4"},"modified":"2025-08-31T17:24:17","modified_gmt":"2025-08-31T15:24:17","slug":"maerchen_vom_kleinen_weihnachtsbaum","status":"publish","type":"page","link":"https:\/\/www.ruedigerkinting.de\/kleiner_tannenbaum\/maerchen_vom_kleinen_weihnachtsbaum\/","title":{"rendered":"Das M\u00e4rchen vom kleinen Weihnachtsbaum"},"content":{"rendered":"<p>\r\n\r\n<div class=\"TextBlock  \" id=\"shortcode-250d65478d71fd7adce137a8dee395be\" >\r\n\t<p><img loading=\"lazy\" decoding=\"async\" class=\"alignleft size-thumbnail wp-image-230\" src=\"https:\/\/www.ruedigerkinting.de\/kleiner_tannenbaum\/wp-content\/uploads\/sites\/4\/2017\/10\/Cover_MvklW-150x107.jpg\" alt=\"\" width=\"150\" height=\"107\" \/>An einem Hang oberhalb einer kleinen Stadt steht ein kleiner Tannenbaum. Da er \u00fcber einem Felsen w\u00e4chst, bleibt er kleiner als alle anderen, und die Tannen und Fichten am Hang verspotten ihn deshalb bei jeder Gelegenheit. Doch der kleine Tannenbaum bleibt dank seiner Freunde, die er in den Tieren des Waldes gefunden hat, tapfer. Er freut sich, wenn die Eichh\u00f6rnchen in seinen \u00c4sten spielen und hilft gerne mit ein paar Zweigknospen aus, wenn seine Freunde Hunger haben.<\/p><p>Eines Wintertages verbreitet sich eine freudige Aufregung unter den anderen B\u00e4umen. Das \u00bbgro\u00dfe Fest f\u00fcr Tannenb\u00e4ume\u00ab, wie die anderen es nennen, steht kurz bevor \u2013 doch sei ganz sicher nichts f\u00fcr ihn, behaupten sie. Und tats\u00e4chlich kommen bald die Menschen und holen die Tannen und Fichten vom Hang. Nur der kleine Tannenbaum bleibt zur\u00fcck. Da f\u00e4llt es ihm auf einmal schwer, seiner Freundin, der kleinen Eule, zu glauben, die immer sagt, dass er ihr vertrauen solle ...<\/p><p>Doch die Eule h\u00e4lt ihr Versprechen und f\u00fchrt eine junge Familie zum kleinen Tannenbaum. Und dann erf\u00e4hrt er, was tats\u00e4chlich hinter diesem \u00bbWeihnachten\u00ab der Menschen steckt \u2013 und wo die anderen B\u00e4ume geblieben sind.<\/p><p><em>Eine Geschichte um Ausgrenzung, die Bedeutung von Freundschaft \u2013 und um ausgleichende Gerechtigkeit<\/em>.<\/p><p>&nbsp;<\/p><\/div>\r\n\r\n<div class=\"TextBlock  \" id=\"shortcode-c2c499a8a027e534bbc809c954b1f95f\" >\r\n\t<p><span style=\"font-size: 10pt;\">Erh\u00e4ltlich im Buchhandel und z.B. bei<\/span><br \/><a href=\"https:\/\/www.bod.de\/buchshop\/das-maerchen-vom-kleinen-weihnachtsbaum-ruediger-d-c-kinting-9783738656961\/\" target=\"_blank\" rel=\"noopener noreferrer\"><img loading=\"lazy\" decoding=\"async\" title=\"direkt bei Books on Demand kaufen\" src=\"\/images\/img_bodshop.jpg\" alt=\"direkt bei Books on Demand kaufen\" width=\"100\" height=\"27\" align=\"middle\" border=\"0\" \/><\/a>\u00a0 <a href=\"https:\/\/www.amazon.de\/Das-M%C3%A4rchen-vom-kleinen-Weihnachtsbaum\/dp\/3738656960\/\" target=\"_blank\" rel=\"noopener noreferrer\"><img loading=\"lazy\" decoding=\"async\" title=\"Buch bei amazon bestellen\" src=\"\/images\/img_amazon.jpg\" alt=\"Buch bei amazon bestellen\" width=\"100\" height=\"27\" align=\"middle\" border=\"0\" \/><\/a>\u00a0 <a href=\"https:\/\/www.thalia.de\/shop\/home\/suchartikel\/das_maerchen_vom_kleinen_weihnachtsbaum\/ruediger_d_c_kinting\/EAN9783738656961\/ID46348076.html\" target=\"_blank\" rel=\"noopener noreferrer\"><img loading=\"lazy\" decoding=\"async\" title=\"Buch auf Thalia.de kaufen\" src=\"\/images\/img_thalia.jpg\" alt=\"Buch auf Thalia.de kaufen\" width=\"100\" height=\"27\" align=\"middle\" border=\"0\" \/><\/a>\u00a0 <a href=\"https:\/\/www.buecher.de\/shop\/maerchen\/das-maerchen-vom-kleinen-weihnachtsbaum\/kinting-ruediger-d-c-\/products_products\/detail\/prod_id\/45697617\/\" target=\"0\" rel=\"noopener noreferrer\"><img loading=\"lazy\" decoding=\"async\" title=\"Buch auf buecher.de bestellen\" src=\"\/images\/img_buecher.jpg\" alt=\"Buch auf buecher.de bestellen\" width=\"100\" height=\"27\" align=\"middle\" border=\"0\" \/><\/a><\/p><\/div>\r\n\r\n<div class=\"TextBlock  \" id=\"shortcode-def3c9fe19779298e6fb8976760df466\" >\r\n\t<h3><\/h3><h3>Bibliographische Angaben<\/h3><p><strong>Das M\u00e4rchen vom kleinen Weihnachtsbaum<\/strong>.<br \/>Text und Illustrationen: R\u00fcdiger D.C. Kinting<br \/>Books on Demand, Oktober 2016, 56 Seiten, ab ca. 5 Jahre<br \/>Taschenbuch: ISBN 978-3-7386-5696-1<\/p><\/div><\/p>\n","protected":false},"excerpt":{"rendered":"<p>An einem Hang oberhalb einer kleinen Stadt steht ein kleiner Tannenbaum. Da er \u00fcber einem Felsen w\u00e4chst, bleibt er kleiner als alle anderen, und die Tannen und Fichten am Hang verspotten ihn deshalb bei jeder Gelegenheit. Doch der kleine Tannenbaum bleibt dank seiner Freunde, die er in den Tieren des Waldes gefunden hat, tapfer. Er&#8230;<\/p>\n","protected":false},"author":1,"featured_media":0,"parent":0,"menu_order":0,"comment_status":"closed","ping_status":"closed","template":"","meta":{"footnotes":""},"class_list":["post-4","page","type-page","status-publish","hentry"],"acf":[],"_links":{"self":[{"href":"https:\/\/www.ruedigerkinting.de\/kleiner_tannenbaum\/wp-json\/wp\/v2\/pages\/4","targetHints":{"allow":["GET"]}}],"collection":[{"href":"https:\/\/www.ruedigerkinting.de\/kleiner_tannenbaum\/wp-json\/wp\/v2\/pages"}],"about":[{"href":"https:\/\/www.ruedigerkinting.de\/kleiner_tannenbaum\/wp-json\/wp\/v2\/types\/page"}],"author":[{"embeddable":true,"href":"https:\/\/www.ruedigerkinting.de\/kleiner_tannenbaum\/wp-json\/wp\/v2\/users\/1"}],"replies":[{"embeddable":true,"href":"https:\/\/www.ruedigerkinting.de\/kleiner_tannenbaum\/wp-json\/wp\/v2\/comments?post=4"}],"version-history":[{"count":122,"href":"https:\/\/www.ruedigerkinting.de\/kleiner_tannenbaum\/wp-json\/wp\/v2\/pages\/4\/revisions"}],"predecessor-version":[{"id":620,"href":"https:\/\/www.ruedigerkinting.de\/kleiner_tannenbaum\/wp-json\/wp\/v2\/pages\/4\/revisions\/620"}],"wp:attachment":[{"href":"https:\/\/www.ruedigerkinting.de\/kleiner_tannenbaum\/wp-json\/wp\/v2\/media?parent=4"}],"curies":[{"name":"wp","href":"https:\/\/api.w.org\/{rel}","templated":true}]}}