{"id":167,"date":"2017-01-01T22:24:32","date_gmt":"2017-01-01T21:24:32","guid":{"rendered":"http:\/\/www.ruedigerkinting.de\/maerchen-vom-kleinen-weihnachtsbaum\/?page_id=167"},"modified":"2018-10-26T23:44:42","modified_gmt":"2018-10-26T21:44:42","slug":"podcast","status":"publish","type":"page","link":"https:\/\/www.ruedigerkinting.de\/kleiner_tannenbaum\/podcast\/","title":{"rendered":"Podcast"},"content":{"rendered":"<div class=\"onepager-menue\"><a href=\"\/kleiner_tannenbaum\/\">Start<\/a> | <a href=\"\/kleiner_tannenbaum\/maerchen_vom_kleinen_weihnachtsbaum\/\">M\u00e4rchen vom kleinen Weihnachtsbaum<\/a> | <a href=\"\/kleiner_tannenbaum\/kleine_tannenbaum_und_schneemann\/\">Der kleine Tannenbaum und der Schneemann<\/a> | <a href=\"\/kleiner_tannenbaum\/leserstimmen\/\">Leserstimmen<\/a> | <a href=\"https:\/\/www.ruedigerkinting.de\" target=\"_blank\" rel=\"noopener\">Zur Autorenseite<\/a><\/div>\n<h1>Podcast<\/h1>\n<p>In Zusammenarbeit mit der Rhein-Neckar Verkehr GmbH ist eine H\u00f6rversion vom \u00bbM\u00e4rchen vom kleinen Weihnachtsbaum\u00ab entstanden.<\/p>\n<p>Hier k\u00f6nnen die vier Podcast-Kapitel, die jeweils zu den Advents-Sonntagen 2016 von der RNV ver\u00f6ffentlicht wurden, noch einmal angeh\u00f6rt werden:<\/p>\n<p><strong>Podcast &#8211; Folge 1<\/strong><br \/>\n<span style=\"font-size: 0.75em;\">(S. 1-12 | 7.1 MB)<\/span><\/p>\n<!--[if lt IE 9]><script>document.createElement('audio');<\/script><![endif]-->\n<audio class=\"wp-audio-shortcode\" id=\"audio-167-1\" preload=\"none\" style=\"width: 100%;\" controls=\"controls\"><source type=\"audio\/mpeg\" src=\"\/downloads\/mp3\/RNV_Wintermaerchen_Kapitel1.mp3?_=1\" \/><a href=\"\/downloads\/mp3\/RNV_Wintermaerchen_Kapitel1.mp3\">\/downloads\/mp3\/RNV_Wintermaerchen_Kapitel1.mp3<\/a><\/audio>\n<p><strong>Podcast &#8211; Folge 2<\/strong><br \/>\n<span style=\"font-size: 0.75em;\">(S. 13-18 | 5.6 MB)<\/span><\/p>\n<audio class=\"wp-audio-shortcode\" id=\"audio-167-2\" preload=\"none\" style=\"width: 100%;\" controls=\"controls\"><source type=\"audio\/mpeg\" src=\"\/downloads\/mp3\/RNV_Wintermaerchen_Kapitel2.mp3?_=2\" \/><a href=\"\/downloads\/mp3\/RNV_Wintermaerchen_Kapitel2.mp3\">\/downloads\/mp3\/RNV_Wintermaerchen_Kapitel2.mp3<\/a><\/audio>\n<p><strong>Podcast &#8211; Folge 3<\/strong><br \/>\n<span style=\"font-size: 0.75em;\">(S. 19-25 | 6.1 MB)<\/span><\/p>\n<audio class=\"wp-audio-shortcode\" id=\"audio-167-3\" preload=\"none\" style=\"width: 100%;\" controls=\"controls\"><source type=\"audio\/mpeg\" src=\"\/downloads\/mp3\/RNV_Wintermaerchen_Kapitel3.mp3?_=3\" \/><a href=\"\/downloads\/mp3\/RNV_Wintermaerchen_Kapitel3.mp3\">\/downloads\/mp3\/RNV_Wintermaerchen_Kapitel3.mp3<\/a><\/audio>\n<p><strong>Podcast &#8211; Folge 4<\/strong><br \/>\n<span style=\"font-size: 0.75em;\">(S. 25-32 | 6.1 MB)<\/span><\/p>\n<audio class=\"wp-audio-shortcode\" id=\"audio-167-4\" preload=\"none\" style=\"width: 100%;\" controls=\"controls\"><source type=\"audio\/mpeg\" src=\"\/downloads\/mp3\/RNV_Wintermaerchen_Kapitel4.mp3?_=4\" \/><a href=\"\/downloads\/mp3\/RNV_Wintermaerchen_Kapitel4.mp3\">\/downloads\/mp3\/RNV_Wintermaerchen_Kapitel4.mp3<\/a><\/audio>\n<p><span style=\"font-size: 0.75em;\">[Quelle: Entstanden in Zusammenarbeit mit der <a href=\"https:\/\/www.rnv-online.de\" target=\"_blank\" rel=\"noopener\">RNV GmbH<\/a>, Mannheim 2016]<\/span><\/p>\n","protected":false},"excerpt":{"rendered":"<p>Start | M\u00e4rchen vom kleinen Weihnachtsbaum | Der kleine Tannenbaum und der Schneemann | Leserstimmen | Zur Autorenseite Podcast In Zusammenarbeit mit der Rhein-Neckar Verkehr GmbH ist eine H\u00f6rversion vom \u00bbM\u00e4rchen vom kleinen Weihnachtsbaum\u00ab entstanden. Hier k\u00f6nnen die vier Podcast-Kapitel, die jeweils zu den Advents-Sonntagen 2016 von der RNV ver\u00f6ffentlicht wurden, noch einmal angeh\u00f6rt werden:&#8230;<\/p>\n","protected":false},"author":1,"featured_media":0,"parent":0,"menu_order":0,"comment_status":"closed","ping_status":"closed","template":"","meta":{"footnotes":""},"class_list":["post-167","page","type-page","status-publish","hentry"],"acf":[],"_links":{"self":[{"href":"https:\/\/www.ruedigerkinting.de\/kleiner_tannenbaum\/wp-json\/wp\/v2\/pages\/167","targetHints":{"allow":["GET"]}}],"collection":[{"href":"https:\/\/www.ruedigerkinting.de\/kleiner_tannenbaum\/wp-json\/wp\/v2\/pages"}],"about":[{"href":"https:\/\/www.ruedigerkinting.de\/kleiner_tannenbaum\/wp-json\/wp\/v2\/types\/page"}],"author":[{"embeddable":true,"href":"https:\/\/www.ruedigerkinting.de\/kleiner_tannenbaum\/wp-json\/wp\/v2\/users\/1"}],"replies":[{"embeddable":true,"href":"https:\/\/www.ruedigerkinting.de\/kleiner_tannenbaum\/wp-json\/wp\/v2\/comments?post=167"}],"version-history":[{"count":19,"href":"https:\/\/www.ruedigerkinting.de\/kleiner_tannenbaum\/wp-json\/wp\/v2\/pages\/167\/revisions"}],"predecessor-version":[{"id":180,"href":"https:\/\/www.ruedigerkinting.de\/kleiner_tannenbaum\/wp-json\/wp\/v2\/pages\/167\/revisions\/180"}],"wp:attachment":[{"href":"https:\/\/www.ruedigerkinting.de\/kleiner_tannenbaum\/wp-json\/wp\/v2\/media?parent=167"}],"curies":[{"name":"wp","href":"https:\/\/api.w.org\/{rel}","templated":true}]}}